{"id":1925,"date":"2024-07-11T12:06:02","date_gmt":"2024-07-11T12:06:02","guid":{"rendered":"https:\/\/idealcontainersltd.com\/?post_type=product&#038;p=1925"},"modified":"2024-07-11T12:06:13","modified_gmt":"2024-07-11T12:06:13","slug":"10ft-x-8ft-schiffscontainer-eine-fahrt-grun-ral-6007","status":"publish","type":"product","link":"https:\/\/idealcontainersllc.com\/?product=10ft-x-8ft-schiffscontainer-eine-fahrt-grun-ral-6007","title":{"rendered":"10FT X 8FT SCHIFFSCONTAINER (EINE FAHRT) GR\u00dcN (RAL 6007)"},"content":{"rendered":"<h2>PRODUKTANGABEN<\/h2>\n<p>10ft x 8ft Versandcontainer zum Verkauf in gr\u00fcn (RAL 6007).<\/p>\n<p>Gebaut, um ISO-Standard-Container Dimensionen sind diese fast neue Schiffscontainer (eine Reise von chinesischen Hersteller). Sie sind ideal f\u00fcr die containerisierte Lagerung einer Vielzahl von Produkten und Materialien.<\/p>\n<p>Dieser 10-Fu\u00df-Container ist auch in Blau (RAL 5013) erh\u00e4ltlich.<\/p>\n<p>Dieser Container ist online erh\u00e4ltlich und kann an Standorte in ganz Gro\u00dfbritannien geliefert werden. Kontaktieren Sie unser freundliches Container-Verkaufsteam f\u00fcr weitere Informationen.<\/p>\n<p>Sie suchen einen g\u00fcnstigeren 10-Fu\u00df-Container? Sehen Sie sich unsere gebrauchten, reduzierten 10-Fu\u00df-Container an.<\/p>\n<p>NEUE 10FT VERSANDCONTAINER MERKMALE<\/p>\n<ul>\n<li>NEW &#8211; Nur eine Fahrt<\/li>\n<li>CSC-beschichtet (Bruttogewicht) max: 10,1 Tonnen<\/li>\n<li>Konstruktion aus Cor-Ten-Stahl<\/li>\n<li>Doppelt\u00fcren mit Scharnieren an der Au\u00dfenseite<\/li>\n<li>Zwei Verriegelungsstangen an JEDER T\u00fcr<\/li>\n<li>Werkseitig eingebautes Schlie\u00dffach<\/li>\n<li>2 x Gabelstaplertaschen auf jeder Seite<\/li>\n<li>Boden aus 28 mm Marinesperrholz auf Stahlquertr\u00e4gern<\/li>\n<li>Mindestens 2 Entl\u00fcftungen pro Beh\u00e4lter<\/li>\n<\/ul>\n","protected":false},"excerpt":{"rendered":"<h2>PRODUKT SPEZIFIKATIONEN<\/h2>\n<table class=\"shop_attributes\">\n<tbody>\n<tr class=\"odd\">\n<th>\u00c4u\u00dfere L\u00e4nge (m)<\/th>\n<td>2.99<\/td>\n<\/tr>\n<tr class=\"even\">\n<th>\u00c4u\u00dfere Breite (m)<\/th>\n<td>2.44<\/td>\n<\/tr>\n<tr class=\"odd\">\n<th>Au\u00dfenh\u00f6he (m)<\/th>\n<td>2.59<\/td>\n<\/tr>\n<tr class=\"even\">\n<th>Innere L\u00e4nge (m)<\/th>\n<td>2.84<\/td>\n<\/tr>\n<tr class=\"odd\">\n<th>Innere Breite (m)<\/th>\n<td>2.35<\/td>\n<\/tr>\n<tr class=\"even\">\n<th>Inner height (m)<\/th>\n<td>2.39<\/td>\n<\/tr>\n<tr class=\"odd\">\n<th>Breite der T\u00fcr (m)<\/th>\n<td>2.34<\/td>\n<\/tr>\n<tr class=\"even\">\n<th>H\u00f6he der T\u00fcr (m)<\/th>\n<td>2.28<\/td>\n<\/tr>\n<tr class=\"odd\">\n<th>Gewicht (kg)<\/th>\n<td>1300<\/td>\n<\/tr>\n<tr class=\"even\">\n<th>Boden Typ<\/th>\n<td>28mm Marine Ply<\/td>\n<\/tr>\n<tr class=\"odd\">\n<th>Kubikinhalt (Kubikfu\u00df)<\/th>\n<td>563<\/td>\n<\/tr>\n<\/tbody>\n<\/table>\n","protected":false},"featured_media":1956,"comment_status":"open","ping_status":"closed","template":"","meta":{"site-sidebar-layout":"default","site-content-layout":"","ast-site-content-layout":"","site-content-style":"default","site-sidebar-style":"default","ast-global-header-display":"","ast-banner-title-visibility":"","ast-main-header-display":"","ast-hfb-above-header-display":"","ast-hfb-below-header-display":"","ast-hfb-mobile-header-display":"","site-post-title":"","ast-breadcrumbs-content":"","ast-featured-img":"","footer-sml-layout":"","theme-transparent-header-meta":"","adv-header-id-meta":"","stick-header-meta":"","header-above-stick-meta":"","header-main-stick-meta":"","header-below-stick-meta":"","astra-migrate-meta-layouts":"default","ast-page-background-enabled":"default","ast-page-background-meta":{"desktop":{"background-color":"var(--ast-global-color-4)","background-image":"","background-repeat":"repeat","background-position":"center center","background-size":"auto","background-attachment":"scroll","background-type":"","background-media":"","overlay-type":"","overlay-color":"","overlay-opacity":"","overlay-gradient":""},"tablet":{"background-color":"","background-image":"","background-repeat":"repeat","background-position":"center center","background-size":"auto","background-attachment":"scroll","background-type":"","background-media":"","overlay-type":"","overlay-color":"","overlay-opacity":"","overlay-gradient":""},"mobile":{"background-color":"","background-image":"","background-repeat":"repeat","background-position":"center center","background-size":"auto","background-attachment":"scroll","background-type":"","background-media":"","overlay-type":"","overlay-color":"","overlay-opacity":"","overlay-gradient":""}},"ast-content-background-meta":{"desktop":{"background-color":"var(--ast-global-color-5)","background-image":"","background-repeat":"repeat","background-position":"center center","background-size":"auto","background-attachment":"scroll","background-type":"","background-media":"","overlay-type":"","overlay-color":"","overlay-opacity":"","overlay-gradient":""},"tablet":{"background-color":"var(--ast-global-color-5)","background-image":"","background-repeat":"repeat","background-position":"center center","background-size":"auto","background-attachment":"scroll","background-type":"","background-media":"","overlay-type":"","overlay-color":"","overlay-opacity":"","overlay-gradient":""},"mobile":{"background-color":"var(--ast-global-color-5)","background-image":"","background-repeat":"repeat","background-position":"center center","background-size":"auto","background-attachment":"scroll","background-type":"","background-media":"","overlay-type":"","overlay-color":"","overlay-opacity":"","overlay-gradient":""}}},"product_brand":[],"product_cat":[36],"product_tag":[],"class_list":{"0":"post-1925","1":"product","2":"type-product","3":"status-publish","4":"has-post-thumbnail","6":"product_cat-8ft-10ft-container","7":"desktop-align-left","8":"tablet-align-left","9":"mobile-align-left","11":"first","12":"instock","13":"sale","14":"shipping-taxable","15":"purchasable","16":"product-type-simple"},"jetpack_sharing_enabled":true,"_links":{"self":[{"href":"https:\/\/idealcontainersllc.com\/index.php?rest_route=\/wp\/v2\/product\/1925"}],"collection":[{"href":"https:\/\/idealcontainersllc.com\/index.php?rest_route=\/wp\/v2\/product"}],"about":[{"href":"https:\/\/idealcontainersllc.com\/index.php?rest_route=\/wp\/v2\/types\/product"}],"replies":[{"embeddable":true,"href":"https:\/\/idealcontainersllc.com\/index.php?rest_route=%2Fwp%2Fv2%2Fcomments&post=1925"}],"wp:featuredmedia":[{"embeddable":true,"href":"https:\/\/idealcontainersllc.com\/index.php?rest_route=\/wp\/v2\/media\/1956"}],"wp:attachment":[{"href":"https:\/\/idealcontainersllc.com\/index.php?rest_route=%2Fwp%2Fv2%2Fmedia&parent=1925"}],"wp:term":[{"taxonomy":"product_brand","embeddable":true,"href":"https:\/\/idealcontainersllc.com\/index.php?rest_route=%2Fwp%2Fv2%2Fproduct_brand&post=1925"},{"taxonomy":"product_cat","embeddable":true,"href":"https:\/\/idealcontainersllc.com\/index.php?rest_route=%2Fwp%2Fv2%2Fproduct_cat&post=1925"},{"taxonomy":"product_tag","embeddable":true,"href":"https:\/\/idealcontainersllc.com\/index.php?rest_route=%2Fwp%2Fv2%2Fproduct_tag&post=1925"}],"curies":[{"name":"wp","href":"https:\/\/api.w.org\/{rel}","templated":true}]}}