{"id":1936,"date":"2024-07-11T12:06:03","date_gmt":"2024-07-11T12:06:03","guid":{"rendered":"https:\/\/idealcontainersltd.com\/?post_type=product&#038;p=1936"},"modified":"2024-07-11T12:06:37","modified_gmt":"2024-07-11T12:06:37","slug":"20ft-x-8ft-gebrauchter-schiffscontainer-open-top","status":"publish","type":"product","link":"https:\/\/idealcontainersllc.com\/?product=20ft-x-8ft-gebrauchter-schiffscontainer-open-top","title":{"rendered":"20FT X 8FT GEBRAUCHTER SCHIFFSCONTAINER &#8211; OPEN-TOP"},"content":{"rendered":"<p>Dieser 20ft x 8ft gebrauchte Open-Top-Container ist zum Verkauf und zur Lieferung im gesamten Vereinigten K\u00f6nigreich verf\u00fcgbar.<\/p>\n<p>Open-Top-Container haben nicht das herk\u00f6mmliche Wellblechdach eines Containers. Stattdessen haben sie abnehmbare Spriegel und eine wetterfeste Plane, die mit Seilen gesichert werden kann. Dies vereinfacht den Be- und Entladevorgang, der normalerweise mit einem Kran von oben erfolgt, erheblich. Der T\u00fcrkopf (oberhalb der T\u00fcr) kann ebenfalls umgeschwenkt bzw. entfernt werden, um einen einfachen Zugang zur Ladung zu erm\u00f6glichen.<\/p>\n<p>Open-Top-Container sind ideal f\u00fcr den Transport von Maschinen. Der Container muss mit den Spriegeln und der Plane verschifft werden, die ebenfalls f\u00fcr eine gewisse Festigkeit sorgen. Wenn die Maschinen zu hoch sind, m\u00fcssen Sie in der Regel einen Container mit flachem Gestell verwenden, der \u00fcberhaupt kein Dach hat. Zur Sicherung der Ladung w\u00e4hrend des Transports sind Zurr\u00f6sen vorgesehen.<\/p>\n<h3>MERKMALE<\/h3>\n<ul>\n<li>Abnehmbares Dach<\/li>\n<li>Zurr\u00f6sen erm\u00f6glichen die Sicherung der Ladung<\/li>\n<\/ul>\n<h3>VORTEILE<\/h3>\n<ul>\n<li>Das abnehmbare Dach erm\u00f6glicht das Kranen von gro\u00dfen oder schweren Gegenst\u00e4nden von oben<\/li>\n<\/ul>\n<p>Ein gr\u00f6\u00dferer 40-Fu\u00df-Open-Top-Container ist ebenfalls zum Verkauf verf\u00fcgbar.<\/p>\n","protected":false},"excerpt":{"rendered":"<h2>PRODUKTSPEZIFIKATIONEN<\/h2>\n<table class=\"shop_attributes\">\n<tbody>\n<tr class=\"odd\">\n<th>\u00c4u\u00dfere L\u00e4nge (m)<\/th>\n<td>6.06<\/td>\n<\/tr>\n<tr class=\"even\">\n<th>\u00c4u\u00dfere Breite (m)<\/th>\n<td>2.44<\/td>\n<\/tr>\n<tr class=\"odd\">\n<th>Au\u00dfenh\u00f6he (m)<\/th>\n<td>2.59<\/td>\n<\/tr>\n<tr class=\"even\">\n<th>Innere L\u00e4nge (m)<\/th>\n<td>5.90<\/td>\n<\/tr>\n<tr class=\"odd\">\n<th>Innere Breite (m)<\/th>\n<td>2.35<\/td>\n<\/tr>\n<tr class=\"even\">\n<th>Breite der T\u00fcr (m)<\/th>\n<td>2.34<\/td>\n<\/tr>\n<tr class=\"odd\">\n<th>H\u00f6he der T\u00fcr (m)<\/th>\n<td>2.28<\/td>\n<\/tr>\n<tr class=\"even\">\n<th>Gewicht (kg)<\/th>\n<td>2300<\/td>\n<\/tr>\n<tr class=\"odd\">\n<th>Boden Typ<\/th>\n<td>28mm Marine Ply<\/td>\n<\/tr>\n<tr class=\"even\">\n<th>Kubikinhalt (Kubikfu\u00df)<\/th>\n<td>1165<\/td>\n<\/tr>\n<\/tbody>\n<\/table>\n","protected":false},"featured_media":1979,"comment_status":"open","ping_status":"closed","template":"","meta":{"site-sidebar-layout":"default","site-content-layout":"","ast-site-content-layout":"","site-content-style":"default","site-sidebar-style":"default","ast-global-header-display":"","ast-banner-title-visibility":"","ast-main-header-display":"","ast-hfb-above-header-display":"","ast-hfb-below-header-display":"","ast-hfb-mobile-header-display":"","site-post-title":"","ast-breadcrumbs-content":"","ast-featured-img":"","footer-sml-layout":"","theme-transparent-header-meta":"","adv-header-id-meta":"","stick-header-meta":"","header-above-stick-meta":"","header-main-stick-meta":"","header-below-stick-meta":"","astra-migrate-meta-layouts":"default","ast-page-background-enabled":"default","ast-page-background-meta":{"desktop":{"background-color":"var(--ast-global-color-4)","background-image":"","background-repeat":"repeat","background-position":"center center","background-size":"auto","background-attachment":"scroll","background-type":"","background-media":"","overlay-type":"","overlay-color":"","overlay-opacity":"","overlay-gradient":""},"tablet":{"background-color":"","background-image":"","background-repeat":"repeat","background-position":"center center","background-size":"auto","background-attachment":"scroll","background-type":"","background-media":"","overlay-type":"","overlay-color":"","overlay-opacity":"","overlay-gradient":""},"mobile":{"background-color":"","background-image":"","background-repeat":"repeat","background-position":"center center","background-size":"auto","background-attachment":"scroll","background-type":"","background-media":"","overlay-type":"","overlay-color":"","overlay-opacity":"","overlay-gradient":""}},"ast-content-background-meta":{"desktop":{"background-color":"var(--ast-global-color-5)","background-image":"","background-repeat":"repeat","background-position":"center center","background-size":"auto","background-attachment":"scroll","background-type":"","background-media":"","overlay-type":"","overlay-color":"","overlay-opacity":"","overlay-gradient":""},"tablet":{"background-color":"var(--ast-global-color-5)","background-image":"","background-repeat":"repeat","background-position":"center center","background-size":"auto","background-attachment":"scroll","background-type":"","background-media":"","overlay-type":"","overlay-color":"","overlay-opacity":"","overlay-gradient":""},"mobile":{"background-color":"var(--ast-global-color-5)","background-image":"","background-repeat":"repeat","background-position":"center center","background-size":"auto","background-attachment":"scroll","background-type":"","background-media":"","overlay-type":"","overlay-color":"","overlay-opacity":"","overlay-gradient":""}}},"product_brand":[],"product_cat":[37],"product_tag":[],"class_list":{"0":"post-1936","1":"product","2":"type-product","3":"status-publish","4":"has-post-thumbnail","6":"product_cat-20ft-containers-for-sale","7":"desktop-align-left","8":"tablet-align-left","9":"mobile-align-left","11":"first","12":"instock","13":"sale","14":"shipping-taxable","15":"purchasable","16":"product-type-simple"},"jetpack_sharing_enabled":true,"_links":{"self":[{"href":"https:\/\/idealcontainersllc.com\/index.php?rest_route=\/wp\/v2\/product\/1936"}],"collection":[{"href":"https:\/\/idealcontainersllc.com\/index.php?rest_route=\/wp\/v2\/product"}],"about":[{"href":"https:\/\/idealcontainersllc.com\/index.php?rest_route=\/wp\/v2\/types\/product"}],"replies":[{"embeddable":true,"href":"https:\/\/idealcontainersllc.com\/index.php?rest_route=%2Fwp%2Fv2%2Fcomments&post=1936"}],"wp:featuredmedia":[{"embeddable":true,"href":"https:\/\/idealcontainersllc.com\/index.php?rest_route=\/wp\/v2\/media\/1979"}],"wp:attachment":[{"href":"https:\/\/idealcontainersllc.com\/index.php?rest_route=%2Fwp%2Fv2%2Fmedia&parent=1936"}],"wp:term":[{"taxonomy":"product_brand","embeddable":true,"href":"https:\/\/idealcontainersllc.com\/index.php?rest_route=%2Fwp%2Fv2%2Fproduct_brand&post=1936"},{"taxonomy":"product_cat","embeddable":true,"href":"https:\/\/idealcontainersllc.com\/index.php?rest_route=%2Fwp%2Fv2%2Fproduct_cat&post=1936"},{"taxonomy":"product_tag","embeddable":true,"href":"https:\/\/idealcontainersllc.com\/index.php?rest_route=%2Fwp%2Fv2%2Fproduct_tag&post=1936"}],"curies":[{"name":"wp","href":"https:\/\/api.w.org\/{rel}","templated":true}]}}