{"id":1970,"date":"2024-07-11T12:06:26","date_gmt":"2024-07-11T12:06:26","guid":{"rendered":"https:\/\/idealcontainersltd.com\/?post_type=product&#038;p=1970"},"modified":"2024-07-11T12:07:16","modified_gmt":"2024-07-11T12:07:16","slug":"40ft-hoher-wurfel-9%e2%80%b2-6%e2%80%b3-hoch-mit-vollem-seitlichen-zugang","status":"publish","type":"product","link":"https:\/\/idealcontainersllc.com\/?product=40ft-hoher-wurfel-9%e2%80%b2-6%e2%80%b3-hoch-mit-vollem-seitlichen-zugang","title":{"rendered":"40FT HOHER W\u00dcRFEL (9\u2032 6\u2033 HOCH) MIT VOLLEM SEITLICHEN ZUGANG"},"content":{"rendered":"<p>PRODUKTSPEZIFIKATIONEN<br \/>\n\u00c4u\u00dfere L\u00e4nge (m)<br \/>\n12.19<\/p>\n<p>\u00c4u\u00dfere Breite (m)<br \/>\n2.44<\/p>\n<p>\u00c4u\u00dfere H\u00f6he (m)<br \/>\n2.90<\/p>\n<p>Innere L\u00e4nge (m)<br \/>\n12.03<\/p>\n<p>Innere Breite (m)<br \/>\n2.29<\/p>\n<p>Innere H\u00f6he (m)<br \/>\n2.70<\/p>\n<p>Breite der T\u00fcr (m)<br \/>\n2.23<\/p>\n<p>Breite der Seitent\u00fcr (m)<br \/>\n11.84<\/p>\n<p>H\u00f6he der T\u00fcr (m)<br \/>\n2.59<\/p>\n<p>Gewicht (kg)<br \/>\n6200<\/p>\n<p>Boden Typ<br \/>\n28mm Marine Ply<\/p>\n","protected":false},"excerpt":{"rendered":"<p>40ft x 8ft one trip High Cube (9ft 6\u2032) Versandcontainer zu verkaufen.<\/p>\n<h3>40FT HOHER CUBE-CONTAINER MIT OFFENEN SEITENW\u00c4NDEN MERKMALE<\/h3>\n<ul>\n<li>NEU &#8211; Nur eine Fahrt<br \/>\n11836mm (38ft 9\u2033) Seiten\u00f6ffnung ohne Mittelpfosten<br \/>\nCSC plattiert (Bruttogewicht) max: 24000KG<br \/>\nKonstruktion komplett aus Cor-Ten-Stahl<br \/>\nAu\u00dfen angeschlagene Doppelt\u00fcren mit zwei Verriegelungsstangen pro T\u00fcr an einem 8ft-Ende und an einer 40ft-Seite mit drei Verriegelungsstangen an jeder T\u00fcr<br \/>\n28mm Marinesperrholzboden auf Stahlquertr\u00e4gern<br \/>\n8 L\u00fcftungs\u00f6ffnungen<br \/>\nStahl geb\u00fcndelter Boden kann gegen einen Aufpreis installiert werden<\/li>\n<\/ul>\n","protected":false},"featured_media":2027,"comment_status":"open","ping_status":"closed","template":"","meta":{"site-sidebar-layout":"default","site-content-layout":"","ast-site-content-layout":"","site-content-style":"default","site-sidebar-style":"default","ast-global-header-display":"","ast-banner-title-visibility":"","ast-main-header-display":"","ast-hfb-above-header-display":"","ast-hfb-below-header-display":"","ast-hfb-mobile-header-display":"","site-post-title":"","ast-breadcrumbs-content":"","ast-featured-img":"","footer-sml-layout":"","theme-transparent-header-meta":"","adv-header-id-meta":"","stick-header-meta":"","header-above-stick-meta":"","header-main-stick-meta":"","header-below-stick-meta":"","astra-migrate-meta-layouts":"default","ast-page-background-enabled":"default","ast-page-background-meta":{"desktop":{"background-color":"var(--ast-global-color-4)","background-image":"","background-repeat":"repeat","background-position":"center center","background-size":"auto","background-attachment":"scroll","background-type":"","background-media":"","overlay-type":"","overlay-color":"","overlay-opacity":"","overlay-gradient":""},"tablet":{"background-color":"","background-image":"","background-repeat":"repeat","background-position":"center center","background-size":"auto","background-attachment":"scroll","background-type":"","background-media":"","overlay-type":"","overlay-color":"","overlay-opacity":"","overlay-gradient":""},"mobile":{"background-color":"","background-image":"","background-repeat":"repeat","background-position":"center center","background-size":"auto","background-attachment":"scroll","background-type":"","background-media":"","overlay-type":"","overlay-color":"","overlay-opacity":"","overlay-gradient":""}},"ast-content-background-meta":{"desktop":{"background-color":"var(--ast-global-color-5)","background-image":"","background-repeat":"repeat","background-position":"center center","background-size":"auto","background-attachment":"scroll","background-type":"","background-media":"","overlay-type":"","overlay-color":"","overlay-opacity":"","overlay-gradient":""},"tablet":{"background-color":"var(--ast-global-color-5)","background-image":"","background-repeat":"repeat","background-position":"center center","background-size":"auto","background-attachment":"scroll","background-type":"","background-media":"","overlay-type":"","overlay-color":"","overlay-opacity":"","overlay-gradient":""},"mobile":{"background-color":"var(--ast-global-color-5)","background-image":"","background-repeat":"repeat","background-position":"center center","background-size":"auto","background-attachment":"scroll","background-type":"","background-media":"","overlay-type":"","overlay-color":"","overlay-opacity":"","overlay-gradient":""}}},"product_brand":[],"product_cat":[43,38],"product_tag":[],"class_list":{"0":"post-1970","1":"product","2":"type-product","3":"status-publish","4":"has-post-thumbnail","6":"product_cat-40ft-containers-for-sale","7":"product_cat-high-cube-containers-for-sale","8":"desktop-align-left","9":"tablet-align-left","10":"mobile-align-left","12":"first","13":"instock","14":"sale","15":"shipping-taxable","16":"purchasable","17":"product-type-simple"},"jetpack_sharing_enabled":true,"_links":{"self":[{"href":"https:\/\/idealcontainersllc.com\/index.php?rest_route=\/wp\/v2\/product\/1970"}],"collection":[{"href":"https:\/\/idealcontainersllc.com\/index.php?rest_route=\/wp\/v2\/product"}],"about":[{"href":"https:\/\/idealcontainersllc.com\/index.php?rest_route=\/wp\/v2\/types\/product"}],"replies":[{"embeddable":true,"href":"https:\/\/idealcontainersllc.com\/index.php?rest_route=%2Fwp%2Fv2%2Fcomments&post=1970"}],"wp:featuredmedia":[{"embeddable":true,"href":"https:\/\/idealcontainersllc.com\/index.php?rest_route=\/wp\/v2\/media\/2027"}],"wp:attachment":[{"href":"https:\/\/idealcontainersllc.com\/index.php?rest_route=%2Fwp%2Fv2%2Fmedia&parent=1970"}],"wp:term":[{"taxonomy":"product_brand","embeddable":true,"href":"https:\/\/idealcontainersllc.com\/index.php?rest_route=%2Fwp%2Fv2%2Fproduct_brand&post=1970"},{"taxonomy":"product_cat","embeddable":true,"href":"https:\/\/idealcontainersllc.com\/index.php?rest_route=%2Fwp%2Fv2%2Fproduct_cat&post=1970"},{"taxonomy":"product_tag","embeddable":true,"href":"https:\/\/idealcontainersllc.com\/index.php?rest_route=%2Fwp%2Fv2%2Fproduct_tag&post=1970"}],"curies":[{"name":"wp","href":"https:\/\/api.w.org\/{rel}","templated":true}]}}